{"id":690,"date":"2023-07-24T14:51:34","date_gmt":"2023-07-24T12:51:34","guid":{"rendered":"https:\/\/www.hoku-padel.com\/impressum\/"},"modified":"2025-10-23T10:44:56","modified_gmt":"2025-10-23T08:44:56","slug":"impressum","status":"publish","type":"page","link":"https:\/\/www.hoku-padel.com\/it\/impressum\/","title":{"rendered":"Impressum"},"content":{"rendered":"\t\t<div data-elementor-type=\"wp-page\" data-elementor-id=\"690\" class=\"elementor elementor-690\">\n\t\t\t\t\t\t\t\t\t<section class=\"elementor-section elementor-top-section elementor-element elementor-element-056d778 elementor-section-boxed elementor-section-height-default elementor-section-height-default\" data-id=\"056d778\" data-element_type=\"section\" data-settings=\"{&quot;background_background&quot;:&quot;classic&quot;}\">\n\t\t\t\t\t\t<div class=\"elementor-container elementor-column-gap-no\">\n\t\t\t\t\t<div class=\"elementor-column elementor-col-100 elementor-top-column elementor-element elementor-element-66ab104\" data-id=\"66ab104\" data-element_type=\"column\">\n\t\t\t<div class=\"elementor-widget-wrap elementor-element-populated\">\n\t\t\t\t\t\t\t\t<div class=\"elementor-element elementor-element-2c55589 elementor-widget elementor-widget-heading\" data-id=\"2c55589\" data-element_type=\"widget\" data-widget_type=\"heading.default\">\n\t\t\t\t<div class=\"elementor-widget-container\">\n\t\t\t<style>\/*! elementor - v3.14.0 - 26-06-2023 *\/\n.elementor-heading-title{padding:0;margin:0;line-height:1}.elementor-widget-heading .elementor-heading-title[class*=elementor-size-]>a{color:inherit;font-size:inherit;line-height:inherit}.elementor-widget-heading .elementor-heading-title.elementor-size-small{font-size:15px}.elementor-widget-heading .elementor-heading-title.elementor-size-medium{font-size:19px}.elementor-widget-heading .elementor-heading-title.elementor-size-large{font-size:29px}.elementor-widget-heading .elementor-heading-title.elementor-size-xl{font-size:39px}.elementor-widget-heading .elementor-heading-title.elementor-size-xxl{font-size:59px}<\/style><h2 class=\"elementor-heading-title elementor-size-default\">Impressum<\/h2>\t\t<\/div>\n\t\t\t\t<\/div>\n\t\t\t\t<section class=\"elementor-section elementor-inner-section elementor-element elementor-element-b6580ef elementor-section-boxed elementor-section-height-default elementor-section-height-default\" data-id=\"b6580ef\" data-element_type=\"section\">\n\t\t\t\t\t\t<div class=\"elementor-container elementor-column-gap-default\">\n\t\t\t\t\t<div class=\"elementor-column elementor-col-50 elementor-inner-column elementor-element elementor-element-d896f2c\" data-id=\"d896f2c\" data-element_type=\"column\">\n\t\t\t<div class=\"elementor-widget-wrap elementor-element-populated\">\n\t\t\t\t\t\t\t\t<div class=\"elementor-element elementor-element-1f27aea elementor-widget elementor-widget-text-editor\" data-id=\"1f27aea\" data-element_type=\"widget\" data-widget_type=\"text-editor.default\">\n\t\t\t\t<div class=\"elementor-widget-container\">\n\t\t\t<style>\/*! elementor - v3.14.0 - 26-06-2023 *\/\n.elementor-widget-text-editor.elementor-drop-cap-view-stacked .elementor-drop-cap{background-color:#69727d;color:#fff}.elementor-widget-text-editor.elementor-drop-cap-view-framed .elementor-drop-cap{color:#69727d;border:3px solid;background-color:transparent}.elementor-widget-text-editor:not(.elementor-drop-cap-view-default) .elementor-drop-cap{margin-top:8px}.elementor-widget-text-editor:not(.elementor-drop-cap-view-default) .elementor-drop-cap-letter{width:1em;height:1em}.elementor-widget-text-editor .elementor-drop-cap{float:left;text-align:center;line-height:1;font-size:50px}.elementor-widget-text-editor .elementor-drop-cap-letter{display:inline-block}<\/style>\t\t\t\t<p><strong>Proprietario e responsabile per il contenuto:<br \/><\/strong><strong>HOKU srl<\/strong><br \/>Zona Artigianale\u00a0\u00d6den 4,\u00a039034\u00a0Dobbiaco<br \/>Tel: 0474\u00a0973556<br \/><a href=\"mailto:info@hoku.it\">info@hoku.it<\/a><\/p><p>Part.IVA.\u00a0IT02261660217<\/p><p><strong>Materiale fotografico:<\/strong><br \/>Hoku, Fuchsdesign<\/p><p><strong>Avviso di responsabilit\u00e0:<\/strong><br \/>I marchi e le societ\u00e0 citate su questo sito sono di propriet\u00e0 del apposito titolare.<br \/>Nonostante l\u2019attento controllo dei contenuti, non assumiamo nessuna responsabilit\u00e0 per i contenuti relativi a link esterni. Sono responsabili per il contenuto delle pagine collegate esclusivamente i gestori delle pagine stesse.<\/p>\t\t\t\t\t\t<\/div>\n\t\t\t\t<\/div>\n\t\t\t\t\t<\/div>\n\t\t<\/div>\n\t\t\t\t<div class=\"elementor-column elementor-col-50 elementor-inner-column elementor-element elementor-element-858a44e\" data-id=\"858a44e\" data-element_type=\"column\">\n\t\t\t<div class=\"elementor-widget-wrap elementor-element-populated\">\n\t\t\t\t\t\t\t\t<div class=\"elementor-element elementor-element-e8f3bdd elementor-widget elementor-widget-text-editor\" data-id=\"e8f3bdd\" data-element_type=\"widget\" data-widget_type=\"text-editor.default\">\n\t\t\t\t<div class=\"elementor-widget-container\">\n\t\t\t\t\t\t\t<p><strong>Realizzazione, Concetto &amp; Design:<br \/><\/strong>Fuchsdesign<br \/>Via Dolomiti 25a, 39034 Dobbiaco<br \/>Alto Adige \u2013 Italia<br \/>Tel +39 0474 979 048<br \/><a href=\"mailto:info@fuchsdesign.it\">info@fuchsdesign.it<\/a><br \/><a class=\"external-link-new-window\" title=\"Opens external link in new window\" href=\"http:\/\/www.fuchsdesign.it\/\" target=\"_blank\" rel=\"noopener noreferrer\">www.fuchsdesign.it<\/a><\/p><p><strong>Informazione obbligatoria ai sensi del Regolamento UE n. 524\/2016 del Parlamento europeo e del Consiglio<\/strong><br \/><a href=\"https:\/\/ec.europa.eu\/consumers\/odr\/\">Piattaforma per la risoluzione delle controversie online<\/a> dei consumatori (ODR) della Commissione europea.<\/p>\t\t\t\t\t\t<\/div>\n\t\t\t\t<\/div>\n\t\t\t\t\t<\/div>\n\t\t<\/div>\n\t\t\t\t\t\t\t<\/div>\n\t\t<\/section>\n\t\t\t\t\t<\/div>\n\t\t<\/div>\n\t\t\t\t\t\t\t<\/div>\n\t\t<\/section>\n\t\t\t\t\t\t\t<\/div>\n\t\t","protected":false},"excerpt":{"rendered":"<p>Impressum Proprietario e responsabile per il contenuto:HOKU srlZona Artigianale\u00a0\u00d6den 4,\u00a039034\u00a0DobbiacoTel: 0474\u00a0973556info@hoku.it Part.IVA.\u00a0IT02261660217 Materiale fotografico:Hoku, Fuchsdesign Avviso di responsabilit\u00e0:I marchi e le societ\u00e0 citate su questo sito sono di propriet\u00e0 del apposito titolare.Nonostante l\u2019attento controllo dei contenuti, non assumiamo nessuna responsabilit\u00e0 per i contenuti relativi a link esterni. Sono responsabili per il contenuto delle pagine collegate [&hellip;]<\/p>\n","protected":false},"author":1,"featured_media":0,"parent":0,"menu_order":0,"comment_status":"closed","ping_status":"closed","template":"full-width.php","meta":{"_acf_changed":false,"footnotes":""},"class_list":["post-690","page","type-page","status-publish","hentry"],"acf":[],"yoast_head":"<!-- This site is optimized with the Yoast SEO plugin v23.3 - https:\/\/yoast.com\/wordpress\/plugins\/seo\/ -->\n<title>Impressum - Hoku Padel<\/title>\n<meta name=\"robots\" content=\"index, follow, max-snippet:-1, max-image-preview:large, max-video-preview:-1\" \/>\n<link rel=\"canonical\" href=\"https:\/\/www.hoku-padel.com\/it\/impressum\/\" \/>\n<meta property=\"og:locale\" content=\"it_IT\" \/>\n<meta property=\"og:type\" content=\"article\" \/>\n<meta property=\"og:title\" content=\"Impressum - Hoku Padel\" \/>\n<meta property=\"og:description\" content=\"Impressum Proprietario e responsabile per il contenuto:HOKU srlZona Artigianale\u00a0\u00d6den 4,\u00a039034\u00a0DobbiacoTel: 0474\u00a0973556info@hoku.it Part.IVA.\u00a0IT02261660217 Materiale fotografico:Hoku, Fuchsdesign Avviso di responsabilit\u00e0:I marchi e le societ\u00e0 citate su questo sito sono di propriet\u00e0 del apposito titolare.Nonostante l\u2019attento controllo dei contenuti, non assumiamo nessuna responsabilit\u00e0 per i contenuti relativi a link esterni. Sono responsabili per il contenuto delle pagine collegate [&hellip;]\" \/>\n<meta property=\"og:url\" content=\"https:\/\/www.hoku-padel.com\/it\/impressum\/\" \/>\n<meta property=\"og:site_name\" content=\"Hoku Padel\" \/>\n<meta property=\"article:modified_time\" content=\"2025-10-23T08:44:56+00:00\" \/>\n<meta name=\"twitter:card\" content=\"summary_large_image\" \/>\n<meta name=\"twitter:label1\" content=\"Tempo di lettura stimato\" \/>\n\t<meta name=\"twitter:data1\" content=\"1 minuto\" \/>\n<script type=\"application\/ld+json\" class=\"yoast-schema-graph\">{\"@context\":\"https:\/\/schema.org\",\"@graph\":[{\"@type\":\"WebPage\",\"@id\":\"https:\/\/www.hoku-padel.com\/it\/impressum\/\",\"url\":\"https:\/\/www.hoku-padel.com\/it\/impressum\/\",\"name\":\"Impressum - Hoku Padel\",\"isPartOf\":{\"@id\":\"https:\/\/www.hoku-padel.com\/#website\"},\"datePublished\":\"2023-07-24T12:51:34+00:00\",\"dateModified\":\"2025-10-23T08:44:56+00:00\",\"breadcrumb\":{\"@id\":\"https:\/\/www.hoku-padel.com\/it\/impressum\/#breadcrumb\"},\"inLanguage\":\"it-IT\",\"potentialAction\":[{\"@type\":\"ReadAction\",\"target\":[\"https:\/\/www.hoku-padel.com\/it\/impressum\/\"]}]},{\"@type\":\"BreadcrumbList\",\"@id\":\"https:\/\/www.hoku-padel.com\/it\/impressum\/#breadcrumb\",\"itemListElement\":[{\"@type\":\"ListItem\",\"position\":1,\"name\":\"Startseite\",\"item\":\"https:\/\/www.hoku-padel.com\/it\/\"},{\"@type\":\"ListItem\",\"position\":2,\"name\":\"Impressum\"}]},{\"@type\":\"WebSite\",\"@id\":\"https:\/\/www.hoku-padel.com\/#website\",\"url\":\"https:\/\/www.hoku-padel.com\/\",\"name\":\"Hoku Padel\",\"description\":\"Hotspot indoor padel Val Pusteria\",\"publisher\":{\"@id\":\"https:\/\/www.hoku-padel.com\/#organization\"},\"potentialAction\":[{\"@type\":\"SearchAction\",\"target\":{\"@type\":\"EntryPoint\",\"urlTemplate\":\"https:\/\/www.hoku-padel.com\/?s={search_term_string}\"},\"query-input\":\"required name=search_term_string\"}],\"inLanguage\":\"it-IT\"},{\"@type\":\"Organization\",\"@id\":\"https:\/\/www.hoku-padel.com\/#organization\",\"name\":\"Hoku Padel\",\"url\":\"https:\/\/www.hoku-padel.com\/\",\"logo\":{\"@type\":\"ImageObject\",\"inLanguage\":\"it-IT\",\"@id\":\"https:\/\/www.hoku-padel.com\/#\/schema\/logo\/image\/\",\"url\":\"https:\/\/www.hoku-padel.com\/wp-content\/uploads\/hoku-padel-logo.svg\",\"contentUrl\":\"https:\/\/www.hoku-padel.com\/wp-content\/uploads\/hoku-padel-logo.svg\",\"width\":1,\"height\":1,\"caption\":\"Hoku Padel\"},\"image\":{\"@id\":\"https:\/\/www.hoku-padel.com\/#\/schema\/logo\/image\/\"}}]}<\/script>\n<!-- \/ Yoast SEO plugin. -->","yoast_head_json":{"title":"Impressum - Hoku Padel","robots":{"index":"index","follow":"follow","max-snippet":"max-snippet:-1","max-image-preview":"max-image-preview:large","max-video-preview":"max-video-preview:-1"},"canonical":"https:\/\/www.hoku-padel.com\/it\/impressum\/","og_locale":"it_IT","og_type":"article","og_title":"Impressum - Hoku Padel","og_description":"Impressum Proprietario e responsabile per il contenuto:HOKU srlZona Artigianale\u00a0\u00d6den 4,\u00a039034\u00a0DobbiacoTel: 0474\u00a0973556info@hoku.it Part.IVA.\u00a0IT02261660217 Materiale fotografico:Hoku, Fuchsdesign Avviso di responsabilit\u00e0:I marchi e le societ\u00e0 citate su questo sito sono di propriet\u00e0 del apposito titolare.Nonostante l\u2019attento controllo dei contenuti, non assumiamo nessuna responsabilit\u00e0 per i contenuti relativi a link esterni. Sono responsabili per il contenuto delle pagine collegate [&hellip;]","og_url":"https:\/\/www.hoku-padel.com\/it\/impressum\/","og_site_name":"Hoku Padel","article_modified_time":"2025-10-23T08:44:56+00:00","twitter_card":"summary_large_image","twitter_misc":{"Tempo di lettura stimato":"1 minuto"},"schema":{"@context":"https:\/\/schema.org","@graph":[{"@type":"WebPage","@id":"https:\/\/www.hoku-padel.com\/it\/impressum\/","url":"https:\/\/www.hoku-padel.com\/it\/impressum\/","name":"Impressum - Hoku Padel","isPartOf":{"@id":"https:\/\/www.hoku-padel.com\/#website"},"datePublished":"2023-07-24T12:51:34+00:00","dateModified":"2025-10-23T08:44:56+00:00","breadcrumb":{"@id":"https:\/\/www.hoku-padel.com\/it\/impressum\/#breadcrumb"},"inLanguage":"it-IT","potentialAction":[{"@type":"ReadAction","target":["https:\/\/www.hoku-padel.com\/it\/impressum\/"]}]},{"@type":"BreadcrumbList","@id":"https:\/\/www.hoku-padel.com\/it\/impressum\/#breadcrumb","itemListElement":[{"@type":"ListItem","position":1,"name":"Startseite","item":"https:\/\/www.hoku-padel.com\/it\/"},{"@type":"ListItem","position":2,"name":"Impressum"}]},{"@type":"WebSite","@id":"https:\/\/www.hoku-padel.com\/#website","url":"https:\/\/www.hoku-padel.com\/","name":"Hoku Padel","description":"Hotspot indoor padel Val Pusteria","publisher":{"@id":"https:\/\/www.hoku-padel.com\/#organization"},"potentialAction":[{"@type":"SearchAction","target":{"@type":"EntryPoint","urlTemplate":"https:\/\/www.hoku-padel.com\/?s={search_term_string}"},"query-input":"required name=search_term_string"}],"inLanguage":"it-IT"},{"@type":"Organization","@id":"https:\/\/www.hoku-padel.com\/#organization","name":"Hoku Padel","url":"https:\/\/www.hoku-padel.com\/","logo":{"@type":"ImageObject","inLanguage":"it-IT","@id":"https:\/\/www.hoku-padel.com\/#\/schema\/logo\/image\/","url":"https:\/\/www.hoku-padel.com\/wp-content\/uploads\/hoku-padel-logo.svg","contentUrl":"https:\/\/www.hoku-padel.com\/wp-content\/uploads\/hoku-padel-logo.svg","width":1,"height":1,"caption":"Hoku Padel"},"image":{"@id":"https:\/\/www.hoku-padel.com\/#\/schema\/logo\/image\/"}}]}},"_links":{"self":[{"href":"https:\/\/www.hoku-padel.com\/it\/wp-json\/wp\/v2\/pages\/690","targetHints":{"allow":["GET"]}}],"collection":[{"href":"https:\/\/www.hoku-padel.com\/it\/wp-json\/wp\/v2\/pages"}],"about":[{"href":"https:\/\/www.hoku-padel.com\/it\/wp-json\/wp\/v2\/types\/page"}],"author":[{"embeddable":true,"href":"https:\/\/www.hoku-padel.com\/it\/wp-json\/wp\/v2\/users\/1"}],"replies":[{"embeddable":true,"href":"https:\/\/www.hoku-padel.com\/it\/wp-json\/wp\/v2\/comments?post=690"}],"version-history":[{"count":5,"href":"https:\/\/www.hoku-padel.com\/it\/wp-json\/wp\/v2\/pages\/690\/revisions"}],"predecessor-version":[{"id":1043,"href":"https:\/\/www.hoku-padel.com\/it\/wp-json\/wp\/v2\/pages\/690\/revisions\/1043"}],"wp:attachment":[{"href":"https:\/\/www.hoku-padel.com\/it\/wp-json\/wp\/v2\/media?parent=690"}],"curies":[{"name":"wp","href":"https:\/\/api.w.org\/{rel}","templated":true}]}}